{"id":3990,"date":"2024-11-07T06:57:55","date_gmt":"2024-11-07T06:57:55","guid":{"rendered":"http:\/\/galapremiilor.uvt.ro\/?page_id=3990"},"modified":"2025-11-25T09:31:47","modified_gmt":"2025-11-25T09:31:47","slug":"premiul-dorel-ungureanu","status":"publish","type":"page","link":"http:\/\/galapremiilor.uvt.ro\/en\/premiul-dorel-ungureanu\/","title":{"rendered":"Premiul \u201eDorel Ungureanu\u201d"},"content":{"rendered":"<div data-elementor-type=\"wp-post\" data-elementor-id=\"3990\" class=\"elementor elementor-3990\" data-elementor-post-type=\"page\">\n\t\t\t\t\t\t<section class=\"elementor-section elementor-top-section elementor-element elementor-element-74171ab2 elementor-section-content-middle elementor-reverse-mobile elementor-section-height-min-height elementor-section-items-stretch elementor-section-boxed elementor-section-height-default\" data-id=\"74171ab2\" data-element_type=\"section\" id=\"up\" data-settings=\"{&quot;background_background&quot;:&quot;classic&quot;,&quot;shape_divider_bottom&quot;:&quot;mountains&quot;}\">\n\t\t\t\t\t\t\t<div class=\"elementor-background-overlay\"><\/div>\n\t\t\t\t\t\t<div class=\"elementor-shape elementor-shape-bottom\" data-negative=\"false\">\n\t\t\t<svg xmlns=\"http:\/\/www.w3.org\/2000\/svg\" viewbox=\"0 0 1000 100\" preserveaspectratio=\"none\">\n\t<path class=\"elementor-shape-fill\" opacity=\"0.33\" d=\"M473,67.3c-203.9,88.3-263.1-34-320.3,0C66,119.1,0,59.7,0,59.7V0h1000v59.7 c0,0-62.1,26.1-94.9,29.3c-32.8,3.3-62.8-12.3-75.8-22.1C806,49.6,745.3,8.7,694.9,4.7S492.4,59,473,67.3z\"\/>\n\t<path class=\"elementor-shape-fill\" opacity=\"0.66\" d=\"M734,67.3c-45.5,0-77.2-23.2-129.1-39.1c-28.6-8.7-150.3-10.1-254,39.1 s-91.7-34.4-149.2,0C115.7,118.3,0,39.8,0,39.8V0h1000v36.5c0,0-28.2-18.5-92.1-18.5C810.2,18.1,775.7,67.3,734,67.3z\"\/>\n\t<path class=\"elementor-shape-fill\" d=\"M766.1,28.9c-200-57.5-266,65.5-395.1,19.5C242,1.8,242,5.4,184.8,20.6C128,35.8,132.3,44.9,89.9,52.5C28.6,63.7,0,0,0,0 h1000c0,0-9.9,40.9-83.6,48.1S829.6,47,766.1,28.9z\"\/>\n<\/svg>\t\t<\/div>\n\t\t\t\t\t<div class=\"elementor-container elementor-column-gap-no\">\n\t\t\t\t\t<div class=\"elementor-column elementor-col-100 elementor-top-column elementor-element elementor-element-4da744a7\" data-id=\"4da744a7\" data-element_type=\"column\">\n\t\t\t<div class=\"elementor-widget-wrap elementor-element-populated\">\n\t\t\t\t\t\t<div class=\"elementor-element elementor-element-0b58b6c elementor-invisible elementor-widget elementor-widget-heading\" data-id=\"0b58b6c\" data-element_type=\"widget\" data-settings=\"{&quot;_animation&quot;:&quot;fadeInRight&quot;}\" data-widget_type=\"heading.default\">\n\t\t\t\t<div class=\"elementor-widget-container\">\n\t\t\t<h1 class=\"elementor-heading-title elementor-size-default\"><strong>Premiul \u201eDorel UNGUREANU\u201d<\/strong><br>  pentru Educa\u021bie modern\u0103 \u0219i centrat\u0103 pe student<\/h1>\t\t<\/div>\n\t\t\t\t<\/div>\n\t\t\t\t<div class=\"elementor-element elementor-element-2079066b elementor-widget elementor-widget-spacer\" data-id=\"2079066b\" data-element_type=\"widget\" data-widget_type=\"spacer.default\">\n\t\t\t\t<div class=\"elementor-widget-container\">\n\t\t\t\t\t<div class=\"elementor-spacer\">\n\t\t\t<div class=\"elementor-spacer-inner\"><\/div>\n\t\t<\/div>\n\t\t\t\t<\/div>\n\t\t\t\t<\/div>\n\t\t\t\t<section class=\"elementor-section elementor-inner-section elementor-element elementor-element-2d35a6d0 elementor-section-boxed elementor-section-height-default elementor-section-height-default\" data-id=\"2d35a6d0\" data-element_type=\"section\">\n\t\t\t\t\t\t<div class=\"elementor-container elementor-column-gap-default\">\n\t\t\t\t\t<div class=\"elementor-column elementor-col-100 elementor-inner-column elementor-element elementor-element-678d4c3f\" data-id=\"678d4c3f\" data-element_type=\"column\">\n\t\t\t<div class=\"elementor-widget-wrap elementor-element-populated\">\n\t\t\t\t\t\t<div class=\"elementor-element elementor-element-2b75f8fb elementor-mobile-align-justify elementor-invisible elementor-widget elementor-widget-button\" data-id=\"2b75f8fb\" data-element_type=\"widget\" data-settings=\"{&quot;_animation&quot;:&quot;bounceInUp&quot;}\" data-widget_type=\"button.default\">\n\t\t\t\t<div class=\"elementor-widget-container\">\n\t\t\t\t\t<div class=\"elementor-button-wrapper\">\n\t\t\t<a class=\"elementor-button elementor-button-link elementor-size-lg\" href=\"http:\/\/galapremiilor.uvt.ro\/en\/gala-premiilor-uvt\/\">\n\t\t\t\t\t\t<span class=\"elementor-button-content-wrapper\">\n\t\t\t\t\t\t<span class=\"elementor-button-text\">Pagina principal\u0103<\/span>\n\t\t<\/span>\n\t\t\t\t\t<\/a>\n\t\t<\/div>\n\t\t\t\t<\/div>\n\t\t\t\t<\/div>\n\t\t\t\t\t<\/div>\n\t\t<\/div>\n\t\t\t\t\t<\/div>\n\t\t<\/section>\n\t\t\t\t\t<\/div>\n\t\t<\/div>\n\t\t\t\t\t<\/div>\n\t\t<\/section>\n\t\t\t\t<section class=\"elementor-section elementor-top-section elementor-element elementor-element-614e82b1 elementor-section-boxed elementor-section-height-default elementor-section-height-default\" data-id=\"614e82b1\" data-element_type=\"section\">\n\t\t\t\t\t\t<div class=\"elementor-container elementor-column-gap-default\">\n\t\t\t\t\t<div class=\"elementor-column elementor-col-66 elementor-top-column elementor-element elementor-element-13348d19\" data-id=\"13348d19\" data-element_type=\"column\">\n\t\t\t<div class=\"elementor-widget-wrap elementor-element-populated\">\n\t\t\t\t\t\t<div class=\"elementor-element elementor-element-f8dc7cb elementor-tabs-view-horizontal elementor-widget elementor-widget-tabs\" data-id=\"f8dc7cb\" data-element_type=\"widget\" data-widget_type=\"tabs.default\">\n\t\t\t\t<div class=\"elementor-widget-container\">\n\t\t\t\t\t<div class=\"elementor-tabs\">\n\t\t\t<div class=\"elementor-tabs-wrapper\" role=\"tablist\" >\n\t\t\t\t\t\t\t\t\t<div id=\"elementor-tab-title-2601\" class=\"elementor-tab-title elementor-tab-desktop-title\" aria-selected=\"true\" data-tab=\"1\" role=\"tab\" tabindex=\"0\" aria-controls=\"elementor-tab-content-2601\" aria-expanded=\"false\">Despre premiu<\/div>\n\t\t\t\t\t\t\t\t\t<div id=\"elementor-tab-title-2602\" class=\"elementor-tab-title elementor-tab-desktop-title\" aria-selected=\"false\" data-tab=\"2\" role=\"tab\" tabindex=\"-1\" aria-controls=\"elementor-tab-content-2602\" aria-expanded=\"false\">Laurea\u021bi<\/div>\n\t\t\t\t\t\t\t<\/div>\n\t\t\t<div class=\"elementor-tabs-content-wrapper\" role=\"tablist\" aria-orientation=\"vertical\">\n\t\t\t\t\t\t\t\t\t<div class=\"elementor-tab-title elementor-tab-mobile-title\" aria-selected=\"true\" data-tab=\"1\" role=\"tab\" tabindex=\"0\" aria-controls=\"elementor-tab-content-2601\" aria-expanded=\"false\">Despre premiu<\/div>\n\t\t\t\t\t<div id=\"elementor-tab-content-2601\" class=\"elementor-tab-content elementor-clearfix\" data-tab=\"1\" role=\"tabpanel\" aria-labelledby=\"elementor-tab-title-2601\" tabindex=\"0\" hidden=\"false\"><p>Se adreseaz\u0103 membrilor comunit\u0103\u021bii academice a UVT pentru performan\u021bele deosebite ob\u021binute \u00een ultimii 5 ani calendaristici preceden\u021bi atribuirii, \u00een activitatea de predare \u0219i activit\u0103\u021bi didactice conexe. Premiul reflect\u0103, pe l\u00e2ng\u0103 aprecierea din partea studen\u021bilor, capacitatea cadrului didactic de a \u00eencorpora noile tehnologii \u00een activitatea didactic\u0103, de a utiliza metode inovative \u00een predare (cx: flipped classroom), de a realiza lucr\u0103ri \u0219tiin\u021bifice (altele dec\u00e2t lucr\u0103ri de licen\u021b\u0103 sau diserta\u021bie) \u00een colaborare cu studen\u021bii de la ciclul de studii universitare de licen\u021b\u0103 sau masterat \u0219i valorificate \u00een cadrul conferin\u021belor sau prin publica\u021bii, de a contribui prin schimburi de bune practici didactice\/conferin\u021be\/dezbateri\/ateliere de lucru la cre\u0219terea expertizei \u00een educa\u021bie a comunit\u0103\u021bii<br \/>UVT, inclusiv prin facilitarea implement\u0103rii modelului reflexiv-colaborativ \u00een activit\u0103\u021bile didactice din UVT, precum \u0219i capacitatea cadrului didactic de a contribui la interna\u021bionalizarea curriculei, prin organizare \/ participare la ini\u021biative de tip BIP (Blended Intensive Program) sau COIL (Collaborative Online International Learning).<\/p><p>Dorel UNGUREANU (1950 &#8211; 2018) reprezint\u0103 o personalitate de referin\u021b\u0103 \u00een peisajul educa\u021bional rom\u00e2nesc. Licen\u021ba \u0219i doctoratul \u00een \u0218tiin\u021bele educa\u021biei le-a ob\u021binut la Universitatea din Bucure\u0219ti. A absolvit, ca \u0219ef de promo\u021bie, Facultatea de Filosofie, Specializarea \u201ePedagogie-Limba Francez\u0103\u201d (1972- 1976). \u00cen 1995 a ob\u021binut Diploma de Doctor \u00een Pedagogie, cu teza \u201eRezonan\u021ba feedback-ului \u0219i nivelul redundan\u021bei \u00een comunicarea \u0219colar\u0103 oral\u0103\u201d. De-a lungul anilor de activitate academic\u0103 a demonstrat \u0219i practicat expertiza \u00een oferirea feedback-ului ra\u021bional \u0219i constructiv. Din 1992, \u00eencepe cariera universitar\u0103 ca lector universitar, iar dup\u0103 o decad\u0103 de realiz\u0103ri academice didactice, manageriale, dar mai ales publicistice deosebite, devine profesor universitar \u00een 2002. Din 2011, a fost<br \/>conduc\u0103tor de doctorat, la Universitatea Babe\u0219-Bolyai Cluj-Napoca. A fost directorul Catedrei de Pedagogie \u00eenc\u0103 de la \u00eenfiin\u021bare (1997), iar apoi al Departamentului de \u0218tiin\u021be ale Educa\u021biei, cre\u00e2nd, construind \u0219i gestion\u00e2nd specializ\u0103ri \u0219i structuri academice \u00een perioade de multiple restructur\u0103ri ale \u00eenv\u0103\u021b\u0103m\u00e2ntului superior, datorate Procesului Bologna \u0219i nu numai. Prin publica\u021biile domniei sale \u0219i prin colabor\u0103ri interuniversitare, a promovat la nivel na\u021bional \u0219i interna\u021bional expertiza de la Timi\u0219oara. \u201eMo\u0219tenirea\u201d \u0219tiin\u021bific\u0103 l\u0103sat\u0103 de Domnul Profesor Dorel Ungureanu este una bogat\u0103: cursuri precum Fundamentele educa\u021biei (note de curs, 1999), Teoria \u0219i practica evalu\u0103rii \u00een educa\u021bie (teme de curs, 2001), dar mai ales c\u0103r\u021bi de anvergur\u0103, ca unic autor, incluse \u00een bibliografiile obligatorii pentru definitivat \u0219i grade didactice ale ministerului educa\u021biei: Copiii cu dificult\u0103\u021bi de \u00eenv\u0103\u021bare (1998),<br \/>Editura Didactic\u0103 \u0219i Pedagogic\u0103, Bucure\u0219ti, Educatie \u0219i curriculum (1999), Editura Universit\u0103\u021bii de Vest, Timi\u0219oara, Teroarea creionului ro\u0219u (2001), Editura Universit\u0103\u021bii de Vest, Timi\u0219oara. La acestea se adaug\u0103 c\u0103r\u021bile coordonate, Pedagogie \u0219i elemente de psihologia educa\u021biei, pentru definitivat \u0219i grade didactice (2005) Editura Cartea Universitar\u0103, \u00een coordonare cu Prof. univ. dr. lon Dumitru, \u201eEduca\u021bia adul\u021bilor\u2014Baze teoretice \u0219i repere practice\u201d (2007) Editura Polirom, la\u0219i, \u00een coordonare cu Prof. univ. dr. Ramona Palo\u0219 \u0219i Prof. univ. dr. Simona Sava. A fost membru al unor asocia\u021bii profesionale precum \u201eAsocia\u021bia Pedagogilor din Rom\u00e2nia\u201d, \u201eAsocia\u021bia Logopezilor din Rom\u00e2nia\u201d, respectiv membru fondator al Institutului Rom\u00e2n de Educa\u021bie a Adul\u021bilor, al Universit\u0103\u021bii de Vest din Timi\u0219oara, membru fondator al \u201eSalva\u021bi copiii\u201d, filiala Timi\u0219, al Asocia\u021biei \u201eReninco\u201d, Bucure\u0219ti.<\/p><\/div>\n\t\t\t\t\t\t\t\t\t<div class=\"elementor-tab-title elementor-tab-mobile-title\" aria-selected=\"false\" data-tab=\"2\" role=\"tab\" tabindex=\"-1\" aria-controls=\"elementor-tab-content-2602\" aria-expanded=\"false\">Laurea\u021bi<\/div>\n\t\t\t\t\t<div id=\"elementor-tab-content-2602\" class=\"elementor-tab-content elementor-clearfix\" data-tab=\"2\" role=\"tabpanel\" aria-labelledby=\"elementor-tab-title-2602\" tabindex=\"0\" hidden=\"hidden\"><h5><span style=\"color: #808080;\">2025<\/span><\/h5><p><em>Acordat cu sprijinul Hamilton Central Europe, prin dna. Corina Kovacs &#8211; Administrative Director<\/em><br \/><strong>Laureat\u0103<\/strong>: Conferen\u021biar doctor MELINDA DINC\u0102 (Facultatea de Sociologie \u0219i Asisten\u021b\u0103 Social\u0103)<\/p><p>&#8211; Conf. univ. dr. Mariana Cra\u0219ovan (2024)<\/p><\/div>\n\t\t\t\t\t\t\t<\/div>\n\t\t<\/div>\n\t\t\t\t<\/div>\n\t\t\t\t<\/div>\n\t\t\t\t\t<\/div>\n\t\t<\/div>\n\t\t\t\t<div class=\"elementor-column elementor-col-33 elementor-top-column elementor-element elementor-element-59d26438\" data-id=\"59d26438\" data-element_type=\"column\">\n\t\t\t<div class=\"elementor-widget-wrap\">\n\t\t\t\t\t\t\t<\/div>\n\t\t<\/div>\n\t\t\t\t\t<\/div>\n\t\t<\/section>\n\t\t\t\t<section class=\"elementor-section elementor-top-section elementor-element elementor-element-7bd3d059 elementor-section-boxed elementor-section-height-default elementor-section-height-default\" data-id=\"7bd3d059\" data-element_type=\"section\" data-settings=\"{&quot;background_background&quot;:&quot;gradient&quot;,&quot;shape_divider_top&quot;:&quot;waves&quot;}\">\n\t\t\t\t\t\t\t<div class=\"elementor-background-overlay\"><\/div>\n\t\t\t\t\t\t<div class=\"elementor-shape elementor-shape-top\" data-negative=\"false\">\n\t\t\t<svg xmlns=\"http:\/\/www.w3.org\/2000\/svg\" viewbox=\"0 0 1000 100\" preserveaspectratio=\"none\">\n\t<path class=\"elementor-shape-fill\" d=\"M421.9,6.5c22.6-2.5,51.5,0.4,75.5,5.3c23.6,4.9,70.9,23.5,100.5,35.7c75.8,32.2,133.7,44.5,192.6,49.7\tc23.6,2.1,48.7,3.5,103.4-2.5c54.7-6,106.2-25.6,106.2-25.6V0H0v30.3c0,0,72,32.6,158.4,30.5c39.2-0.7,92.8-6.7,134-22.4\tc21.2-8.1,52.2-18.2,79.7-24.2C399.3,7.9,411.6,7.5,421.9,6.5z\"\/>\n<\/svg>\t\t<\/div>\n\t\t\t\t\t<div class=\"elementor-container elementor-column-gap-default\">\n\t\t\t\t\t<div class=\"elementor-column elementor-col-50 elementor-top-column elementor-element elementor-element-2c420dbe\" data-id=\"2c420dbe\" data-element_type=\"column\">\n\t\t\t<div class=\"elementor-widget-wrap elementor-element-populated\">\n\t\t\t\t\t\t<div class=\"elementor-element elementor-element-6ac8d8d5 elementor-widget elementor-widget-heading\" data-id=\"6ac8d8d5\" data-element_type=\"widget\" data-widget_type=\"heading.default\">\n\t\t\t\t<div class=\"elementor-widget-container\">\n\t\t\t<h4 class=\"elementor-heading-title elementor-size-default\">Vrei s\u0103 fii la curent cu nout\u0103\u021bile UVT?<\/h4>\t\t<\/div>\n\t\t\t\t<\/div>\n\t\t\t\t<div class=\"elementor-element elementor-element-4f21839c elementor-widget elementor-widget-heading\" data-id=\"4f21839c\" data-element_type=\"widget\" data-widget_type=\"heading.default\">\n\t\t\t\t<div class=\"elementor-widget-container\">\n\t\t\t<h2 class=\"elementor-heading-title elementor-size-default\">Aboneaz\u0103-te la newsletter!<\/h2>\t\t<\/div>\n\t\t\t\t<\/div>\n\t\t\t\t<div class=\"elementor-element elementor-element-1442e440 elementor-button-align-start elementor-widget elementor-widget-form\" data-id=\"1442e440\" data-element_type=\"widget\" data-settings=\"{&quot;button_width&quot;:&quot;50&quot;,&quot;step_next_label&quot;:&quot;Next&quot;,&quot;step_previous_label&quot;:&quot;Previous&quot;,&quot;step_type&quot;:&quot;number_text&quot;,&quot;step_icon_shape&quot;:&quot;circle&quot;}\" data-widget_type=\"form.default\">\n\t\t\t\t<div class=\"elementor-widget-container\">\n\t\t\t\t\t<form class=\"elementor-form\" method=\"post\" name=\"New Form\" action=\"\">\n\t\t\t<input type=\"hidden\" name=\"post_id\" value=\"3990\"\/>\n\t\t\t<input type=\"hidden\" name=\"form_id\" value=\"1442e440\"\/>\n\t\t\t<input type=\"hidden\" name=\"referer_title\" value=\"\" \/>\n\n\t\t\t\n\t\t\t<div class=\"elementor-form-fields-wrapper elementor-labels-\">\n\t\t\t\t\t\t\t\t<div class=\"elementor-field-type-text elementor-field-group elementor-column elementor-field-group-name elementor-col-60\">\n\t\t\t\t\t\t\t\t\t\t\t\t<label for=\"form-field-name\" class=\"elementor-field-label elementor-screen-only\">\n\t\t\t\t\t\t\t\tNume\t\t\t\t\t\t\t<\/label>\n\t\t\t\t\t\t\t\t\t\t\t\t\t\t<input size=\"1\" type=\"text\" name=\"form_fields[name]\" id=\"form-field-name\" class=\"elementor-field elementor-size-sm  elementor-field-textual\" placeholder=\"Nume\">\n\t\t\t\t\t\t\t\t\t\t\t<\/div>\n\t\t\t\t\t\t\t\t<div class=\"elementor-field-type-email elementor-field-group elementor-column elementor-field-group-email elementor-col-60 elementor-field-required\">\n\t\t\t\t\t\t\t\t\t\t\t\t<label for=\"form-field-email\" class=\"elementor-field-label elementor-screen-only\">\n\t\t\t\t\t\t\t\tEmail\t\t\t\t\t\t\t<\/label>\n\t\t\t\t\t\t\t\t\t\t\t\t\t\t<input size=\"1\" type=\"email\" name=\"form_fields[email]\" id=\"form-field-email\" class=\"elementor-field elementor-size-sm  elementor-field-textual\" placeholder=\"Email\" required=\"required\" aria-required=\"true\">\n\t\t\t\t\t\t\t\t\t\t\t<\/div>\n\t\t\t\t\t\t\t\t<div class=\"elementor-field-group elementor-column elementor-field-type-submit elementor-col-50 e-form__buttons\">\n\t\t\t\t\t<button type=\"submit\" class=\"elementor-button elementor-size-sm\">\n\t\t\t\t\t\t<span >\n\t\t\t\t\t\t\t\t\t\t\t\t\t\t\t<span class=\"elementor-button-icon\">\n\t\t\t\t\t\t\t\t\t\t\t\t\t\t\t\t\t\t\t\t\t\t\t\t\t\t<\/span>\n\t\t\t\t\t\t\t\t\t\t\t\t\t\t\t\t\t\t\t\t\t\t<span class=\"elementor-button-text\">Aboneaz\u0103-te acum!<\/span>\n\t\t\t\t\t\t\t\t\t\t\t\t\t<\/span>\n\t\t\t\t\t<\/button>\n\t\t\t\t<\/div>\n\t\t\t<\/div>\n\t\t<input type=\"hidden\" name=\"trp-form-language\" value=\"en\"\/><\/form>\n\t\t\t\t<\/div>\n\t\t\t\t<\/div>\n\t\t\t\t\t<\/div>\n\t\t<\/div>\n\t\t\t\t<div class=\"elementor-column elementor-col-50 elementor-top-column elementor-element elementor-element-1505ac70\" data-id=\"1505ac70\" data-element_type=\"column\">\n\t\t\t<div class=\"elementor-widget-wrap elementor-element-populated\">\n\t\t\t\t\t\t<div class=\"elementor-element elementor-element-3837d70a elementor-widget elementor-widget-image\" data-id=\"3837d70a\" data-element_type=\"widget\" data-settings=\"{&quot;motion_fx_motion_fx_scrolling&quot;:&quot;yes&quot;,&quot;motion_fx_translateY_effect&quot;:&quot;yes&quot;,&quot;motion_fx_translateY_direction&quot;:&quot;negative&quot;,&quot;motion_fx_translateY_speed&quot;:{&quot;unit&quot;:&quot;px&quot;,&quot;size&quot;:&quot;1&quot;,&quot;sizes&quot;:[]},&quot;motion_fx_devices&quot;:[&quot;desktop&quot;,&quot;tablet&quot;],&quot;motion_fx_translateY_affectedRange&quot;:{&quot;unit&quot;:&quot;%&quot;,&quot;size&quot;:&quot;&quot;,&quot;sizes&quot;:{&quot;start&quot;:&quot;0&quot;,&quot;end&quot;:&quot;50&quot;}}}\" data-widget_type=\"image.default\">\n\t\t\t\t<div class=\"elementor-widget-container\">\n\t\t\t\t\t\t\t\t\t\t\t\t\t<img fetchpriority=\"high\" width=\"2560\" height=\"1707\" src=\"http:\/\/galapremiilor.uvt.ro\/wp-content\/uploads\/2025\/11\/Conf.-dr.-Melinda-Dinca_jos-scaled.jpg\" class=\"attachment-full size-full wp-image-4342\" alt=\"\" srcset=\"http:\/\/galapremiilor.uvt.ro\/wp-content\/uploads\/2025\/11\/Conf.-dr.-Melinda-Dinca_jos-scaled.jpg 2560w, http:\/\/galapremiilor.uvt.ro\/wp-content\/uploads\/2025\/11\/Conf.-dr.-Melinda-Dinca_jos-300x200.jpg 300w, http:\/\/galapremiilor.uvt.ro\/wp-content\/uploads\/2025\/11\/Conf.-dr.-Melinda-Dinca_jos-1024x683.jpg 1024w, http:\/\/galapremiilor.uvt.ro\/wp-content\/uploads\/2025\/11\/Conf.-dr.-Melinda-Dinca_jos-768x512.jpg 768w, http:\/\/galapremiilor.uvt.ro\/wp-content\/uploads\/2025\/11\/Conf.-dr.-Melinda-Dinca_jos-391x260.jpg 391w, http:\/\/galapremiilor.uvt.ro\/wp-content\/uploads\/2025\/11\/Conf.-dr.-Melinda-Dinca_jos-1536x1024.jpg 1536w, http:\/\/galapremiilor.uvt.ro\/wp-content\/uploads\/2025\/11\/Conf.-dr.-Melinda-Dinca_jos-2048x1365.jpg 2048w, http:\/\/galapremiilor.uvt.ro\/wp-content\/uploads\/2025\/11\/Conf.-dr.-Melinda-Dinca_jos-18x12.jpg 18w\" sizes=\"(max-width: 2560px) 100vw, 2560px\" \/>\t\t\t\t\t\t\t\t\t\t\t\t\t<\/div>\n\t\t\t\t<\/div>\n\t\t\t\t\t<\/div>\n\t\t<\/div>\n\t\t\t\t\t<\/div>\n\t\t<\/section>\n\t\t\t\t<\/div>","protected":false},"excerpt":{"rendered":"<p>Premiul \u201eDorel UNGUREANU\u201d pentru Educa\u021bie modern\u0103 \u0219i centrat\u0103 pe student Pagina principal\u0103 Despre premiu Laurea\u021bi Despre premiu Se adreseaz\u0103 membrilor comunit\u0103\u021bii academice a UVT pentru performan\u021bele deosebite ob\u021binute \u00een ultimii 5 ani calendaristici preceden\u021bi atribuirii, \u00een activitatea de predare \u0219i activit\u0103\u021bi didactice conexe. Premiul reflect\u0103, pe l\u00e2ng\u0103 aprecierea din partea studen\u021bilor, capacitatea cadrului didactic de [&hellip;]<\/p>","protected":false},"author":4,"featured_media":0,"parent":0,"menu_order":0,"comment_status":"closed","ping_status":"closed","template":"elementor_canvas","meta":{"site-sidebar-layout":"no-sidebar","site-content-layout":"page-builder","ast-site-content-layout":"","site-content-style":"default","site-sidebar-style":"default","ast-global-header-display":"","ast-banner-title-visibility":"","ast-main-header-display":"","ast-hfb-above-header-display":"","ast-hfb-below-header-display":"","ast-hfb-mobile-header-display":"","site-post-title":"disabled","ast-breadcrumbs-content":"","ast-featured-img":"disabled","footer-sml-layout":"","theme-transparent-header-meta":"default","adv-header-id-meta":"","stick-header-meta":"","header-above-stick-meta":"","header-main-stick-meta":"","header-below-stick-meta":"","astra-migrate-meta-layouts":"default","ast-page-background-enabled":"default","ast-page-background-meta":{"desktop":{"background-color":"var(--ast-global-color-4)","background-image":"","background-repeat":"repeat","background-position":"center center","background-size":"auto","background-attachment":"scroll","background-type":"","background-media":"","overlay-type":"","overlay-color":"","overlay-opacity":"","overlay-gradient":""},"tablet":{"background-color":"","background-image":"","background-repeat":"repeat","background-position":"center center","background-size":"auto","background-attachment":"scroll","background-type":"","background-media":"","overlay-type":"","overlay-color":"","overlay-opacity":"","overlay-gradient":""},"mobile":{"background-color":"","background-image":"","background-repeat":"repeat","background-position":"center center","background-size":"auto","background-attachment":"scroll","background-type":"","background-media":"","overlay-type":"","overlay-color":"","overlay-opacity":"","overlay-gradient":""}},"ast-content-background-meta":{"desktop":{"background-color":"var(--ast-global-color-5)","background-image":"","background-repeat":"repeat","background-position":"center center","background-size":"auto","background-attachment":"scroll","background-type":"","background-media":"","overlay-type":"","overlay-color":"","overlay-opacity":"","overlay-gradient":""},"tablet":{"background-color":"var(--ast-global-color-5)","background-image":"","background-repeat":"repeat","background-position":"center center","background-size":"auto","background-attachment":"scroll","background-type":"","background-media":"","overlay-type":"","overlay-color":"","overlay-opacity":"","overlay-gradient":""},"mobile":{"background-color":"var(--ast-global-color-5)","background-image":"","background-repeat":"repeat","background-position":"center center","background-size":"auto","background-attachment":"scroll","background-type":"","background-media":"","overlay-type":"","overlay-color":"","overlay-opacity":"","overlay-gradient":""}}},"acf":[],"_links":{"self":[{"href":"http:\/\/galapremiilor.uvt.ro\/en\/wp-json\/wp\/v2\/pages\/3990"}],"collection":[{"href":"http:\/\/galapremiilor.uvt.ro\/en\/wp-json\/wp\/v2\/pages"}],"about":[{"href":"http:\/\/galapremiilor.uvt.ro\/en\/wp-json\/wp\/v2\/types\/page"}],"author":[{"embeddable":true,"href":"http:\/\/galapremiilor.uvt.ro\/en\/wp-json\/wp\/v2\/users\/4"}],"replies":[{"embeddable":true,"href":"http:\/\/galapremiilor.uvt.ro\/en\/wp-json\/wp\/v2\/comments?post=3990"}],"version-history":[{"count":19,"href":"http:\/\/galapremiilor.uvt.ro\/en\/wp-json\/wp\/v2\/pages\/3990\/revisions"}],"predecessor-version":[{"id":4346,"href":"http:\/\/galapremiilor.uvt.ro\/en\/wp-json\/wp\/v2\/pages\/3990\/revisions\/4346"}],"wp:attachment":[{"href":"http:\/\/galapremiilor.uvt.ro\/en\/wp-json\/wp\/v2\/media?parent=3990"}],"curies":[{"name":"wp","href":"https:\/\/api.w.org\/{rel}","templated":true}]}}