{"id":1847,"date":"2019-09-30T14:16:34","date_gmt":"2019-09-30T14:16:34","guid":{"rendered":"http:\/\/galapremiilor.uvt.ro\/?page_id=1847"},"modified":"2025-11-25T09:58:26","modified_gmt":"2025-11-25T09:58:26","slug":"premiul-sever-bocu","status":"publish","type":"page","link":"http:\/\/galapremiilor.uvt.ro\/en\/premiul-sever-bocu\/","title":{"rendered":"Premiul \u201eSever Bocu\u201d"},"content":{"rendered":"<div data-elementor-type=\"wp-post\" data-elementor-id=\"1847\" class=\"elementor elementor-1847\" data-elementor-post-type=\"page\">\n\t\t\t\t\t\t<section class=\"elementor-section elementor-top-section elementor-element elementor-element-74171ab2 elementor-section-content-middle elementor-reverse-mobile elementor-section-height-min-height elementor-section-items-stretch elementor-section-boxed elementor-section-height-default\" data-id=\"74171ab2\" data-element_type=\"section\" id=\"up\" data-settings=\"{&quot;background_background&quot;:&quot;classic&quot;,&quot;shape_divider_bottom&quot;:&quot;mountains&quot;}\">\n\t\t\t\t\t\t\t<div class=\"elementor-background-overlay\"><\/div>\n\t\t\t\t\t\t<div class=\"elementor-shape elementor-shape-bottom\" data-negative=\"false\">\n\t\t\t<svg xmlns=\"http:\/\/www.w3.org\/2000\/svg\" viewbox=\"0 0 1000 100\" preserveaspectratio=\"none\">\n\t<path class=\"elementor-shape-fill\" opacity=\"0.33\" d=\"M473,67.3c-203.9,88.3-263.1-34-320.3,0C66,119.1,0,59.7,0,59.7V0h1000v59.7 c0,0-62.1,26.1-94.9,29.3c-32.8,3.3-62.8-12.3-75.8-22.1C806,49.6,745.3,8.7,694.9,4.7S492.4,59,473,67.3z\"\/>\n\t<path class=\"elementor-shape-fill\" opacity=\"0.66\" d=\"M734,67.3c-45.5,0-77.2-23.2-129.1-39.1c-28.6-8.7-150.3-10.1-254,39.1 s-91.7-34.4-149.2,0C115.7,118.3,0,39.8,0,39.8V0h1000v36.5c0,0-28.2-18.5-92.1-18.5C810.2,18.1,775.7,67.3,734,67.3z\"\/>\n\t<path class=\"elementor-shape-fill\" d=\"M766.1,28.9c-200-57.5-266,65.5-395.1,19.5C242,1.8,242,5.4,184.8,20.6C128,35.8,132.3,44.9,89.9,52.5C28.6,63.7,0,0,0,0 h1000c0,0-9.9,40.9-83.6,48.1S829.6,47,766.1,28.9z\"\/>\n<\/svg>\t\t<\/div>\n\t\t\t\t\t<div class=\"elementor-container elementor-column-gap-no\">\n\t\t\t\t\t<div class=\"elementor-column elementor-col-100 elementor-top-column elementor-element elementor-element-4da744a7\" data-id=\"4da744a7\" data-element_type=\"column\">\n\t\t\t<div class=\"elementor-widget-wrap elementor-element-populated\">\n\t\t\t\t\t\t<div class=\"elementor-element elementor-element-fa7c229 elementor-invisible elementor-widget elementor-widget-heading\" data-id=\"fa7c229\" data-element_type=\"widget\" data-settings=\"{&quot;_animation&quot;:&quot;fadeInRight&quot;}\" data-widget_type=\"heading.default\">\n\t\t\t\t<div class=\"elementor-widget-container\">\n\t\t\t<h1 class=\"elementor-heading-title elementor-size-default\"><strong>Premiul \u201eSever BOCU\u201d<\/strong><br>  pentru Implicare Civic\u0103 \u0219i Social\u0103<\/h1>\t\t<\/div>\n\t\t\t\t<\/div>\n\t\t\t\t<div class=\"elementor-element elementor-element-2079066b elementor-widget elementor-widget-spacer\" data-id=\"2079066b\" data-element_type=\"widget\" data-widget_type=\"spacer.default\">\n\t\t\t\t<div class=\"elementor-widget-container\">\n\t\t\t\t\t<div class=\"elementor-spacer\">\n\t\t\t<div class=\"elementor-spacer-inner\"><\/div>\n\t\t<\/div>\n\t\t\t\t<\/div>\n\t\t\t\t<\/div>\n\t\t\t\t<section class=\"elementor-section elementor-inner-section elementor-element elementor-element-2d35a6d0 elementor-section-boxed elementor-section-height-default elementor-section-height-default\" data-id=\"2d35a6d0\" data-element_type=\"section\">\n\t\t\t\t\t\t<div class=\"elementor-container elementor-column-gap-default\">\n\t\t\t\t\t<div class=\"elementor-column elementor-col-100 elementor-inner-column elementor-element elementor-element-678d4c3f\" data-id=\"678d4c3f\" data-element_type=\"column\">\n\t\t\t<div class=\"elementor-widget-wrap elementor-element-populated\">\n\t\t\t\t\t\t<div class=\"elementor-element elementor-element-2b75f8fb elementor-mobile-align-justify elementor-invisible elementor-widget elementor-widget-button\" data-id=\"2b75f8fb\" data-element_type=\"widget\" data-settings=\"{&quot;_animation&quot;:&quot;bounceInUp&quot;}\" data-widget_type=\"button.default\">\n\t\t\t\t<div class=\"elementor-widget-container\">\n\t\t\t\t\t<div class=\"elementor-button-wrapper\">\n\t\t\t<a class=\"elementor-button elementor-button-link elementor-size-lg\" href=\"http:\/\/galapremiilor.uvt.ro\/en\/gala-premiilor-uvt\/\">\n\t\t\t\t\t\t<span class=\"elementor-button-content-wrapper\">\n\t\t\t\t\t\t<span class=\"elementor-button-text\">Pagina principal\u0103<\/span>\n\t\t<\/span>\n\t\t\t\t\t<\/a>\n\t\t<\/div>\n\t\t\t\t<\/div>\n\t\t\t\t<\/div>\n\t\t\t\t\t<\/div>\n\t\t<\/div>\n\t\t\t\t\t<\/div>\n\t\t<\/section>\n\t\t\t\t\t<\/div>\n\t\t<\/div>\n\t\t\t\t\t<\/div>\n\t\t<\/section>\n\t\t\t\t<section class=\"elementor-section elementor-top-section elementor-element elementor-element-18d119fc elementor-section-boxed elementor-section-height-default elementor-section-height-default\" data-id=\"18d119fc\" data-element_type=\"section\">\n\t\t\t\t\t\t<div class=\"elementor-container elementor-column-gap-default\">\n\t\t\t\t\t<div class=\"elementor-column elementor-col-66 elementor-top-column elementor-element elementor-element-62b62338\" data-id=\"62b62338\" data-element_type=\"column\">\n\t\t\t<div class=\"elementor-widget-wrap elementor-element-populated\">\n\t\t\t\t\t\t<div class=\"elementor-element elementor-element-6b504d7 elementor-tabs-view-horizontal elementor-widget elementor-widget-tabs\" data-id=\"6b504d7\" data-element_type=\"widget\" data-widget_type=\"tabs.default\">\n\t\t\t\t<div class=\"elementor-widget-container\">\n\t\t\t\t\t<div class=\"elementor-tabs\">\n\t\t\t<div class=\"elementor-tabs-wrapper\" role=\"tablist\" >\n\t\t\t\t\t\t\t\t\t<div id=\"elementor-tab-title-1121\" class=\"elementor-tab-title elementor-tab-desktop-title\" aria-selected=\"true\" data-tab=\"1\" role=\"tab\" tabindex=\"0\" aria-controls=\"elementor-tab-content-1121\" aria-expanded=\"false\">Despre premiu<\/div>\n\t\t\t\t\t\t\t\t\t<div id=\"elementor-tab-title-1122\" class=\"elementor-tab-title elementor-tab-desktop-title\" aria-selected=\"false\" data-tab=\"2\" role=\"tab\" tabindex=\"-1\" aria-controls=\"elementor-tab-content-1122\" aria-expanded=\"false\">Laurea\u021bi<\/div>\n\t\t\t\t\t\t\t<\/div>\n\t\t\t<div class=\"elementor-tabs-content-wrapper\" role=\"tablist\" aria-orientation=\"vertical\">\n\t\t\t\t\t\t\t\t\t<div class=\"elementor-tab-title elementor-tab-mobile-title\" aria-selected=\"true\" data-tab=\"1\" role=\"tab\" tabindex=\"0\" aria-controls=\"elementor-tab-content-1121\" aria-expanded=\"false\">Despre premiu<\/div>\n\t\t\t\t\t<div id=\"elementor-tab-content-1121\" class=\"elementor-tab-content elementor-clearfix\" data-tab=\"1\" role=\"tabpanel\" aria-labelledby=\"elementor-tab-title-1121\" tabindex=\"0\" hidden=\"false\"><p>Se adreseaz\u0103 unei persoane externe UVT sau unei institu\u0163ii (prin reprezentantul acesteia) pentru contribu\u0163ia la cre\u0219terea prestigiului UVT \u0219i\/sau la promovarea imaginii Timi\u0219oarei \u00een plan na\u0163ional \u015fi interna\u0163ional prin implicare civic\u0103 \u0219i social\u0103.<\/p><p>Fiu al Banatului istoric, Sever Bocu, cu studii superioare la universit\u0103\u0163ile din Viena \u015fi Paris, se \u00eenscrie la loc de cinste \u00eentre politicienii rom\u00e2ni ai primei jum\u0103t\u0103\u0163i a secolului al XX-lea, fiind unul dintre frunta\u015fii Partidului Na\u0163ional Rom\u00e2n, transformat \u00een Partidul Na\u0163ional \u0162\u0103r\u0103nesc, cu func\u0163ia de pre\u015fedinte al Organiza\u0163iei din jude\u0163ul Timi\u015f-Torontal a PN\u0162, deputat \u00een Parlamentul Rom\u00e2niei din partea acestui partid, pre\u015fedintele \u201eDirectoratului Banatului\u201d, Guvernator al \u0162inutului Timi\u015f \u00een perioada 1938-1940 \u015fi ministru \u00een cel de-al treilea guvern al lui Iuliu Maniu.<\/p><p>\u00cen cadrul ciclului de conferin\u0163e al Clubului Partidului Na\u0163ional \u0162\u0103r\u0103nesc din \u00een B\u0103nat, la Vest, lipse\u015fte Atelierul de prelucrare a sufletului na\u0163ional. Lipse\u015fte Universitatea\u2026 S\u0103 facem Universitatea de Vest la Timi\u015foara! Universitatea de Vest este obliga\u0163ia pentru noi, care era pentru Monarhia austro-ungar\u0103 Universitatea din Cern\u0103u\u0163i.\u201d<\/p><p>Acest deziderat al s\u0103u se va \u00eemplini la finele anului 1944, c\u00e2nd Majestatea Sa Regele Mihai I al Rom\u00e2niei a promulgat Decretul-Lege nr. 665\/31 decembrie 1944 prin care s-a decretat \u00eenfiin\u0163area Universit\u0103\u0163ii de Vest din Timi\u015foara.<\/p><p>Cinstindu-i memoria, \u00eencep\u00e2nd din anul 2009, efigia lui Sever Bocu se afl\u0103 pe peretele de la intrarea spre rectorat \u00een UVT, bursa de excelen\u0163\u0103 acordat\u0103 studen\u0163ilor UVT pentru \u00eentreaga activitate \u00eei poart\u0103 numele, iar una dintre arterele principale ale Timi\u015foarei se nume\u015fte Calea Sever Bocu.<\/p><p>\u00cencep\u00e2nd din anul 2015, numele Sever Bocu aureoleaz\u0103 Premiul pentru implicare civic\u0103 \u015fi social\u0103 acordat de UVT.<\/p><\/div>\n\t\t\t\t\t\t\t\t\t<div class=\"elementor-tab-title elementor-tab-mobile-title\" aria-selected=\"false\" data-tab=\"2\" role=\"tab\" tabindex=\"-1\" aria-controls=\"elementor-tab-content-1122\" aria-expanded=\"false\">Laurea\u021bi<\/div>\n\t\t\t\t\t<div id=\"elementor-tab-content-1122\" class=\"elementor-tab-content elementor-clearfix\" data-tab=\"2\" role=\"tabpanel\" aria-labelledby=\"elementor-tab-title-1122\" tabindex=\"0\" hidden=\"hidden\"><h5><span style=\"color: #808080;\">2025<\/span><\/h5><p><strong>Laureat:<\/strong> \u00ceNALTPREASFIN\u021aITUL P\u0102RINTE IOAN, ARHIEPISCOP AL TIMI\u0218OAREI \u0218I MITROPOLIT AL BANATULUI<\/p><p>&#8211; Ionu\u021b St\u0103nu\u0219oiu (Primarul localit\u0103\u021bii Ghiroda) (2024)<br \/>&#8211; Prof. univ. dr. Mircea Mih\u0103ie\u0219 (2023)<br \/>&#8211; Darius Jumanca (2022)<br \/>&#8211; Flavius Cioca (2021)<br \/>&#8211; Clinicile Medici\u2019s (2020)<br \/>&#8211; Dan Dubin\u0103 (2019)<br \/>&#8211; Alian\u021ba Na\u021bional\u0103 a Organiza\u021biilor Studen\u021be\u0219ti din Rom\u00e2nia (ANOSR) (2018)<br \/>&#8211; Valeriu Bogdan (2017)<br \/>&#8211; Simona Neumann (2016)<br \/>&#8211; Prof. univ. dr. ing. Nicolae Robu (2015)<\/p><\/div>\n\t\t\t\t\t\t\t<\/div>\n\t\t<\/div>\n\t\t\t\t<\/div>\n\t\t\t\t<\/div>\n\t\t\t\t\t<\/div>\n\t\t<\/div>\n\t\t\t\t<div class=\"elementor-column elementor-col-33 elementor-top-column elementor-element elementor-element-3270c3b4\" data-id=\"3270c3b4\" data-element_type=\"column\">\n\t\t\t<div class=\"elementor-widget-wrap elementor-element-populated\">\n\t\t\t\t\t\t<div class=\"elementor-element elementor-element-52b22cf5 elementor-widget elementor-widget-image\" data-id=\"52b22cf5\" data-element_type=\"widget\" data-widget_type=\"image.default\">\n\t\t\t\t<div class=\"elementor-widget-container\">\n\t\t\t\t\t\t\t\t\t\t\t\t\t<img fetchpriority=\"high\" width=\"240\" height=\"300\" src=\"http:\/\/galapremiilor.uvt.ro\/wp-content\/uploads\/2019\/10\/bocu-240x300.jpg\" class=\"attachment-medium size-medium wp-image-1903\" alt=\"\" srcset=\"http:\/\/galapremiilor.uvt.ro\/wp-content\/uploads\/2019\/10\/bocu-240x300.jpg 240w, http:\/\/galapremiilor.uvt.ro\/wp-content\/uploads\/2019\/10\/bocu.jpg 671w\" sizes=\"(max-width: 240px) 100vw, 240px\" \/>\t\t\t\t\t\t\t\t\t\t\t\t\t<\/div>\n\t\t\t\t<\/div>\n\t\t\t\t\t<\/div>\n\t\t<\/div>\n\t\t\t\t\t<\/div>\n\t\t<\/section>\n\t\t\t\t<section class=\"elementor-section elementor-top-section elementor-element elementor-element-ac62c10 elementor-section-boxed elementor-section-height-default elementor-section-height-default\" data-id=\"ac62c10\" data-element_type=\"section\" data-settings=\"{&quot;background_background&quot;:&quot;gradient&quot;,&quot;shape_divider_top&quot;:&quot;waves&quot;}\">\n\t\t\t\t\t\t\t<div class=\"elementor-background-overlay\"><\/div>\n\t\t\t\t\t\t<div class=\"elementor-shape elementor-shape-top\" data-negative=\"false\">\n\t\t\t<svg xmlns=\"http:\/\/www.w3.org\/2000\/svg\" viewbox=\"0 0 1000 100\" preserveaspectratio=\"none\">\n\t<path class=\"elementor-shape-fill\" d=\"M421.9,6.5c22.6-2.5,51.5,0.4,75.5,5.3c23.6,4.9,70.9,23.5,100.5,35.7c75.8,32.2,133.7,44.5,192.6,49.7\tc23.6,2.1,48.7,3.5,103.4-2.5c54.7-6,106.2-25.6,106.2-25.6V0H0v30.3c0,0,72,32.6,158.4,30.5c39.2-0.7,92.8-6.7,134-22.4\tc21.2-8.1,52.2-18.2,79.7-24.2C399.3,7.9,411.6,7.5,421.9,6.5z\"\/>\n<\/svg>\t\t<\/div>\n\t\t\t\t\t<div class=\"elementor-container elementor-column-gap-default\">\n\t\t\t\t\t<div class=\"elementor-column elementor-col-50 elementor-top-column elementor-element elementor-element-695bc0c6\" data-id=\"695bc0c6\" data-element_type=\"column\">\n\t\t\t<div class=\"elementor-widget-wrap elementor-element-populated\">\n\t\t\t\t\t\t<div class=\"elementor-element elementor-element-f5d08a1 elementor-widget elementor-widget-heading\" data-id=\"f5d08a1\" data-element_type=\"widget\" data-widget_type=\"heading.default\">\n\t\t\t\t<div class=\"elementor-widget-container\">\n\t\t\t<h4 class=\"elementor-heading-title elementor-size-default\">Vrei s\u0103 fii la curent cu nout\u0103\u021bile UVT?<\/h4>\t\t<\/div>\n\t\t\t\t<\/div>\n\t\t\t\t<div class=\"elementor-element elementor-element-3436ea2a elementor-widget elementor-widget-heading\" data-id=\"3436ea2a\" data-element_type=\"widget\" data-widget_type=\"heading.default\">\n\t\t\t\t<div class=\"elementor-widget-container\">\n\t\t\t<h2 class=\"elementor-heading-title elementor-size-default\">Aboneaz\u0103-te la newsletter!<\/h2>\t\t<\/div>\n\t\t\t\t<\/div>\n\t\t\t\t<div class=\"elementor-element elementor-element-1df2bb99 elementor-button-align-start elementor-widget elementor-widget-form\" data-id=\"1df2bb99\" data-element_type=\"widget\" data-settings=\"{&quot;button_width&quot;:&quot;50&quot;,&quot;step_next_label&quot;:&quot;Next&quot;,&quot;step_previous_label&quot;:&quot;Previous&quot;,&quot;step_type&quot;:&quot;number_text&quot;,&quot;step_icon_shape&quot;:&quot;circle&quot;}\" data-widget_type=\"form.default\">\n\t\t\t\t<div class=\"elementor-widget-container\">\n\t\t\t\t\t<form class=\"elementor-form\" method=\"post\" name=\"New Form\" action=\"\">\n\t\t\t<input type=\"hidden\" name=\"post_id\" value=\"1847\"\/>\n\t\t\t<input type=\"hidden\" name=\"form_id\" value=\"1df2bb99\"\/>\n\t\t\t<input type=\"hidden\" name=\"referer_title\" value=\"\" \/>\n\n\t\t\t\n\t\t\t<div class=\"elementor-form-fields-wrapper elementor-labels-\">\n\t\t\t\t\t\t\t\t<div class=\"elementor-field-type-text elementor-field-group elementor-column elementor-field-group-name elementor-col-60\">\n\t\t\t\t\t\t\t\t\t\t\t\t<label for=\"form-field-name\" class=\"elementor-field-label elementor-screen-only\">\n\t\t\t\t\t\t\t\tNume\t\t\t\t\t\t\t<\/label>\n\t\t\t\t\t\t\t\t\t\t\t\t\t\t<input size=\"1\" type=\"text\" name=\"form_fields[name]\" id=\"form-field-name\" class=\"elementor-field elementor-size-sm  elementor-field-textual\" placeholder=\"Nume\">\n\t\t\t\t\t\t\t\t\t\t\t<\/div>\n\t\t\t\t\t\t\t\t<div class=\"elementor-field-type-email elementor-field-group elementor-column elementor-field-group-email elementor-col-60 elementor-field-required\">\n\t\t\t\t\t\t\t\t\t\t\t\t<label for=\"form-field-email\" class=\"elementor-field-label elementor-screen-only\">\n\t\t\t\t\t\t\t\tEmail\t\t\t\t\t\t\t<\/label>\n\t\t\t\t\t\t\t\t\t\t\t\t\t\t<input size=\"1\" type=\"email\" name=\"form_fields[email]\" id=\"form-field-email\" class=\"elementor-field elementor-size-sm  elementor-field-textual\" placeholder=\"Email\" required=\"required\" aria-required=\"true\">\n\t\t\t\t\t\t\t\t\t\t\t<\/div>\n\t\t\t\t\t\t\t\t<div class=\"elementor-field-group elementor-column elementor-field-type-submit elementor-col-50 e-form__buttons\">\n\t\t\t\t\t<button type=\"submit\" class=\"elementor-button elementor-size-sm\">\n\t\t\t\t\t\t<span >\n\t\t\t\t\t\t\t\t\t\t\t\t\t\t\t<span class=\"elementor-button-icon\">\n\t\t\t\t\t\t\t\t\t\t\t\t\t\t\t\t\t\t\t\t\t\t\t\t\t\t<\/span>\n\t\t\t\t\t\t\t\t\t\t\t\t\t\t\t\t\t\t\t\t\t\t<span class=\"elementor-button-text\">Aboneaz\u0103-te acum!<\/span>\n\t\t\t\t\t\t\t\t\t\t\t\t\t<\/span>\n\t\t\t\t\t<\/button>\n\t\t\t\t<\/div>\n\t\t\t<\/div>\n\t\t<input type=\"hidden\" name=\"trp-form-language\" value=\"en\"\/><\/form>\n\t\t\t\t<\/div>\n\t\t\t\t<\/div>\n\t\t\t\t\t<\/div>\n\t\t<\/div>\n\t\t\t\t<div class=\"elementor-column elementor-col-50 elementor-top-column elementor-element elementor-element-26da0ff1\" data-id=\"26da0ff1\" data-element_type=\"column\">\n\t\t\t<div class=\"elementor-widget-wrap elementor-element-populated\">\n\t\t\t\t\t\t<div class=\"elementor-element elementor-element-5a10ee4d elementor-widget elementor-widget-image\" data-id=\"5a10ee4d\" data-element_type=\"widget\" data-settings=\"{&quot;motion_fx_motion_fx_scrolling&quot;:&quot;yes&quot;,&quot;motion_fx_translateY_effect&quot;:&quot;yes&quot;,&quot;motion_fx_translateY_direction&quot;:&quot;negative&quot;,&quot;motion_fx_translateY_speed&quot;:{&quot;unit&quot;:&quot;px&quot;,&quot;size&quot;:&quot;1&quot;,&quot;sizes&quot;:[]},&quot;motion_fx_devices&quot;:[&quot;desktop&quot;,&quot;tablet&quot;],&quot;motion_fx_translateY_affectedRange&quot;:{&quot;unit&quot;:&quot;%&quot;,&quot;size&quot;:&quot;&quot;,&quot;sizes&quot;:{&quot;start&quot;:&quot;0&quot;,&quot;end&quot;:&quot;50&quot;}}}\" data-widget_type=\"image.default\">\n\t\t\t\t<div class=\"elementor-widget-container\">\n\t\t\t\t\t\t\t\t\t\t\t\t\t<img width=\"2560\" height=\"1707\" src=\"http:\/\/galapremiilor.uvt.ro\/wp-content\/uploads\/2025\/11\/IPS-Ioan_jos-scaled.jpg\" class=\"attachment-full size-full wp-image-4375\" alt=\"\" srcset=\"http:\/\/galapremiilor.uvt.ro\/wp-content\/uploads\/2025\/11\/IPS-Ioan_jos-scaled.jpg 2560w, http:\/\/galapremiilor.uvt.ro\/wp-content\/uploads\/2025\/11\/IPS-Ioan_jos-300x200.jpg 300w, http:\/\/galapremiilor.uvt.ro\/wp-content\/uploads\/2025\/11\/IPS-Ioan_jos-1024x683.jpg 1024w, http:\/\/galapremiilor.uvt.ro\/wp-content\/uploads\/2025\/11\/IPS-Ioan_jos-768x512.jpg 768w, http:\/\/galapremiilor.uvt.ro\/wp-content\/uploads\/2025\/11\/IPS-Ioan_jos-391x260.jpg 391w, http:\/\/galapremiilor.uvt.ro\/wp-content\/uploads\/2025\/11\/IPS-Ioan_jos-1536x1024.jpg 1536w, http:\/\/galapremiilor.uvt.ro\/wp-content\/uploads\/2025\/11\/IPS-Ioan_jos-2048x1365.jpg 2048w, http:\/\/galapremiilor.uvt.ro\/wp-content\/uploads\/2025\/11\/IPS-Ioan_jos-18x12.jpg 18w\" sizes=\"(max-width: 2560px) 100vw, 2560px\" \/>\t\t\t\t\t\t\t\t\t\t\t\t\t<\/div>\n\t\t\t\t<\/div>\n\t\t\t\t\t<\/div>\n\t\t<\/div>\n\t\t\t\t\t<\/div>\n\t\t<\/section>\n\t\t\t\t<\/div>","protected":false},"excerpt":{"rendered":"<p>Premiul \u201eSever BOCU\u201d pentru Implicare Civic\u0103 \u0219i Social\u0103 Pagina principal\u0103 Despre premiu Laurea\u021bi Despre premiu Se adreseaz\u0103 unei persoane externe UVT sau unei institu\u0163ii (prin reprezentantul acesteia) pentru contribu\u0163ia la cre\u0219terea prestigiului UVT \u0219i\/sau la promovarea imaginii Timi\u0219oarei \u00een plan na\u0163ional \u015fi interna\u0163ional prin implicare civic\u0103 \u0219i social\u0103. Fiu al Banatului istoric, Sever Bocu, cu [&hellip;]<\/p>","protected":false},"author":4,"featured_media":0,"parent":0,"menu_order":0,"comment_status":"closed","ping_status":"closed","template":"elementor_canvas","meta":{"site-sidebar-layout":"no-sidebar","site-content-layout":"page-builder","ast-site-content-layout":"","site-content-style":"default","site-sidebar-style":"default","ast-global-header-display":"","ast-banner-title-visibility":"","ast-main-header-display":"","ast-hfb-above-header-display":"","ast-hfb-below-header-display":"","ast-hfb-mobile-header-display":"","site-post-title":"disabled","ast-breadcrumbs-content":"","ast-featured-img":"disabled","footer-sml-layout":"","theme-transparent-header-meta":"default","adv-header-id-meta":"","stick-header-meta":"","header-above-stick-meta":"","header-main-stick-meta":"","header-below-stick-meta":"","astra-migrate-meta-layouts":"default","ast-page-background-enabled":"default","ast-page-background-meta":{"desktop":{"background-color":"var(--ast-global-color-4)","background-image":"","background-repeat":"repeat","background-position":"center center","background-size":"auto","background-attachment":"scroll","background-type":"","background-media":"","overlay-type":"","overlay-color":"","overlay-opacity":"","overlay-gradient":""},"tablet":{"background-color":"","background-image":"","background-repeat":"repeat","background-position":"center center","background-size":"auto","background-attachment":"scroll","background-type":"","background-media":"","overlay-type":"","overlay-color":"","overlay-opacity":"","overlay-gradient":""},"mobile":{"background-color":"","background-image":"","background-repeat":"repeat","background-position":"center center","background-size":"auto","background-attachment":"scroll","background-type":"","background-media":"","overlay-type":"","overlay-color":"","overlay-opacity":"","overlay-gradient":""}},"ast-content-background-meta":{"desktop":{"background-color":"var(--ast-global-color-5)","background-image":"","background-repeat":"repeat","background-position":"center center","background-size":"auto","background-attachment":"scroll","background-type":"","background-media":"","overlay-type":"","overlay-color":"","overlay-opacity":"","overlay-gradient":""},"tablet":{"background-color":"var(--ast-global-color-5)","background-image":"","background-repeat":"repeat","background-position":"center center","background-size":"auto","background-attachment":"scroll","background-type":"","background-media":"","overlay-type":"","overlay-color":"","overlay-opacity":"","overlay-gradient":""},"mobile":{"background-color":"var(--ast-global-color-5)","background-image":"","background-repeat":"repeat","background-position":"center center","background-size":"auto","background-attachment":"scroll","background-type":"","background-media":"","overlay-type":"","overlay-color":"","overlay-opacity":"","overlay-gradient":""}}},"acf":[],"_links":{"self":[{"href":"http:\/\/galapremiilor.uvt.ro\/en\/wp-json\/wp\/v2\/pages\/1847"}],"collection":[{"href":"http:\/\/galapremiilor.uvt.ro\/en\/wp-json\/wp\/v2\/pages"}],"about":[{"href":"http:\/\/galapremiilor.uvt.ro\/en\/wp-json\/wp\/v2\/types\/page"}],"author":[{"embeddable":true,"href":"http:\/\/galapremiilor.uvt.ro\/en\/wp-json\/wp\/v2\/users\/4"}],"replies":[{"embeddable":true,"href":"http:\/\/galapremiilor.uvt.ro\/en\/wp-json\/wp\/v2\/comments?post=1847"}],"version-history":[{"count":29,"href":"http:\/\/galapremiilor.uvt.ro\/en\/wp-json\/wp\/v2\/pages\/1847\/revisions"}],"predecessor-version":[{"id":4379,"href":"http:\/\/galapremiilor.uvt.ro\/en\/wp-json\/wp\/v2\/pages\/1847\/revisions\/4379"}],"wp:attachment":[{"href":"http:\/\/galapremiilor.uvt.ro\/en\/wp-json\/wp\/v2\/media?parent=1847"}],"curies":[{"name":"wp","href":"https:\/\/api.w.org\/{rel}","templated":true}]}}